{"id":26807,"date":"2022-12-30T09:56:31","date_gmt":"2022-12-30T09:56:31","guid":{"rendered":"https:\/\/www.lasaadia.org\/wp\/?page_id=26807"},"modified":"2024-03-10T12:02:37","modified_gmt":"2024-03-10T12:02:37","slug":"aaanous-rejoindre","status":"publish","type":"page","link":"https:\/\/www.lasaadia.ma\/?page_id=26807","title":{"rendered":"NOUS REJOINDRE"},"content":{"rendered":"\t\t<div data-elementor-type=\"wp-page\" data-elementor-id=\"26807\" class=\"elementor elementor-26807\">\n\t\t\t\t\t\t<section class=\"elementor-section elementor-top-section elementor-element elementor-element-e42bc68 elementor-section-boxed elementor-section-height-default elementor-section-height-default\" data-id=\"e42bc68\" data-element_type=\"section\" data-e-type=\"section\">\n\t\t\t\t\t\t<div class=\"elementor-container elementor-column-gap-default\">\n\t\t\t\t\t<div class=\"elementor-column elementor-col-100 elementor-top-column elementor-element elementor-element-644d14b\" data-id=\"644d14b\" data-element_type=\"column\" data-e-type=\"column\">\n\t\t\t<div class=\"elementor-widget-wrap elementor-element-populated\">\n\t\t\t\t\t\t<div class=\"elementor-element elementor-element-fd4ecdb elementor-widget-divider--view-line elementor-widget elementor-widget-divider\" data-id=\"fd4ecdb\" data-element_type=\"widget\" data-e-type=\"widget\" data-widget_type=\"divider.default\">\n\t\t\t\t<div class=\"elementor-widget-container\">\n\t\t\t\t\t\t\t<div class=\"elementor-divider\">\n\t\t\t<span class=\"elementor-divider-separator\">\n\t\t\t\t\t\t<\/span>\n\t\t<\/div>\n\t\t\t\t\t\t<\/div>\n\t\t\t\t<\/div>\n\t\t\t\t\t<\/div>\n\t\t<\/div>\n\t\t\t\t\t<\/div>\n\t\t<\/section>\n\t\t\t\t<section class=\"elementor-section elementor-top-section elementor-element elementor-element-0a9d533 elementor-section-stretched elementor-section-boxed elementor-section-height-default elementor-section-height-default\" data-id=\"0a9d533\" data-element_type=\"section\" data-e-type=\"section\" data-settings=\"{&quot;stretch_section&quot;:&quot;section-stretched&quot;,&quot;background_background&quot;:&quot;classic&quot;}\">\n\t\t\t\t\t\t<div class=\"elementor-container elementor-column-gap-default\">\n\t\t\t\t\t<div class=\"elementor-column elementor-col-100 elementor-top-column elementor-element elementor-element-529bcdd\" data-id=\"529bcdd\" data-element_type=\"column\" data-e-type=\"column\">\n\t\t\t<div class=\"elementor-widget-wrap elementor-element-populated\">\n\t\t\t\t\t\t<div class=\"elementor-element elementor-element-5c32ce0 elementor-widget elementor-widget-heading\" data-id=\"5c32ce0\" data-element_type=\"widget\" data-e-type=\"widget\" data-widget_type=\"heading.default\">\n\t\t\t\t<div class=\"elementor-widget-container\">\n\t\t\t\t\t<h3 class=\"elementor-heading-title elementor-size-default\">NOUS REJOINDRE\n<\/h3>\t\t\t\t<\/div>\n\t\t\t\t<\/div>\n\t\t\t\t<div class=\"elementor-element elementor-element-66ab6ed elementor-widget-divider--view-line elementor-widget elementor-widget-divider\" data-id=\"66ab6ed\" data-element_type=\"widget\" data-e-type=\"widget\" data-widget_type=\"divider.default\">\n\t\t\t\t<div class=\"elementor-widget-container\">\n\t\t\t\t\t\t\t<div class=\"elementor-divider\">\n\t\t\t<span class=\"elementor-divider-separator\">\n\t\t\t\t\t\t<\/span>\n\t\t<\/div>\n\t\t\t\t\t\t<\/div>\n\t\t\t\t<\/div>\n\t\t\t\t\t<\/div>\n\t\t<\/div>\n\t\t\t\t\t<\/div>\n\t\t<\/section>\n\t\t\t\t<section class=\"elementor-section elementor-top-section elementor-element elementor-element-de3f6ee elementor-section-boxed elementor-section-height-default elementor-section-height-default\" data-id=\"de3f6ee\" data-element_type=\"section\" data-e-type=\"section\">\n\t\t\t\t\t\t<div class=\"elementor-container elementor-column-gap-default\">\n\t\t\t\t\t<div class=\"elementor-column elementor-col-100 elementor-top-column elementor-element elementor-element-c4ad3e1\" data-id=\"c4ad3e1\" data-element_type=\"column\" data-e-type=\"column\">\n\t\t\t<div class=\"elementor-widget-wrap elementor-element-populated\">\n\t\t\t\t\t\t<div class=\"elementor-element elementor-element-248908a elementor-widget elementor-widget-text-editor\" data-id=\"248908a\" data-element_type=\"widget\" data-e-type=\"widget\" data-widget_type=\"text-editor.default\">\n\t\t\t\t<div class=\"elementor-widget-container\">\n\t\t\t\t\t\t\t\t\t<p>Rejoindre l\u2019\u00e9quipe de l\u2019institution <strong>LA SAADIA<\/strong> c\u2019est int\u00e9grer un groupe dynamique, ouvert sur le monde, en plein d\u00e9veloppement et faire partie d\u2019une \u00e9quipe compos\u00e9e d\u2019enseignants, d\u2019encadrants et de personnels administratifs passionn\u00e9s et anim\u00e9s par la m\u00eame envie d\u2019excellence.<\/p><p>Pour r\u00e9ussir l\u2019accompagnement et l\u2019\u00e9ducation de ces \u00e9l\u00e8ves, nous recrutons des personnes qui ont le talent et l\u2019envie de grandir avec nous.<\/p><p>Au-del\u00e0 des dipl\u00f4mes, nous recherchons des personnalit\u00e9s passionn\u00e9es par l\u2019\u00e9ducation et l\u2019enseignement, qui adh\u00e8rent \u00e0 nos valeurs, curieuses, volontaires pour s\u2019engager dans la dur\u00e9e et pour se former tout au long de leur vie professionnelle.<\/p><p><strong>L\u2019ECAM<\/strong> s\u2019engage \u00e0 maintenir l\u2019\u00e9galit\u00e9 salariale entre les hommes et les femmes, \u00e0 poursuive l\u2019\u00e9gal acc\u00e8s \u00e0 tous les postes et \u00e0 maintenir la repr\u00e9sentativit\u00e9 des femmes dans les diff\u00e9rentes instances de gouvernance. Pour que notre pyramide des \u00e2ges reste \u00e9quilibr\u00e9e, nous recrutons des hommes et des femmes de tout \u00e2ge.<\/p><p>Nous portons un effort particulier sur notre processus de recrutement et sur la qualit\u00e9 des entretiens, qui ont lieu en fran\u00e7ais. Quelle que soit la mati\u00e8re enseign\u00e9e et le niveau, nos enseignants parlent correctement le fran\u00e7ais.<\/p><p>Pour faire un stage de formation ou pour poser votre candidature pour enseigner \u00e0 <strong>LA SAADIA<\/strong>, vous pouvez\u00a0 nous faire parvenir votre candidature spontan\u00e9e en cliquant sur le bouton ci-apr\u00e8s.<\/p>\t\t\t\t\t\t\t\t<\/div>\n\t\t\t\t<\/div>\n\t\t\t\t\t<\/div>\n\t\t<\/div>\n\t\t\t\t\t<\/div>\n\t\t<\/section>\n\t\t\t\t<section class=\"elementor-section elementor-top-section elementor-element elementor-element-d029002 elementor-section-boxed elementor-section-height-default elementor-section-height-default\" data-id=\"d029002\" data-element_type=\"section\" data-e-type=\"section\" data-settings=\"{&quot;background_background&quot;:&quot;classic&quot;}\">\n\t\t\t\t\t\t<div class=\"elementor-container elementor-column-gap-default\">\n\t\t\t\t\t<div class=\"elementor-column elementor-col-100 elementor-top-column elementor-element elementor-element-a7f079e\" data-id=\"a7f079e\" data-element_type=\"column\" data-e-type=\"column\" data-settings=\"{&quot;background_background&quot;:&quot;classic&quot;}\">\n\t\t\t<div class=\"elementor-widget-wrap elementor-element-populated\">\n\t\t\t\t\t\t<div class=\"elementor-element elementor-element-b671dd8 elementor-widget elementor-widget-heading\" data-id=\"b671dd8\" data-element_type=\"widget\" data-e-type=\"widget\" data-widget_type=\"heading.default\">\n\t\t\t\t<div class=\"elementor-widget-container\">\n\t\t\t\t\t<h4 class=\"elementor-heading-title elementor-size-default\">D\u00e9poser votre candidature spontan\u00e9e\n<\/h4>\t\t\t\t<\/div>\n\t\t\t\t<\/div>\n\t\t\t\t<section class=\"elementor-section elementor-inner-section elementor-element elementor-element-27ac986 elementor-section-boxed elementor-section-height-default elementor-section-height-default\" data-id=\"27ac986\" data-element_type=\"section\" data-e-type=\"section\">\n\t\t\t\t\t\t<div class=\"elementor-container elementor-column-gap-default\">\n\t\t\t\t\t<div class=\"elementor-column elementor-col-50 elementor-inner-column elementor-element elementor-element-a64dc12\" data-id=\"a64dc12\" data-element_type=\"column\" data-e-type=\"column\">\n\t\t\t<div class=\"elementor-widget-wrap elementor-element-populated\">\n\t\t\t\t\t\t<div class=\"elementor-element elementor-element-212e2d1 elementor-widget elementor-widget-heading\" data-id=\"212e2d1\" data-element_type=\"widget\" data-e-type=\"widget\" data-widget_type=\"heading.default\">\n\t\t\t\t<div class=\"elementor-widget-container\">\n\t\t\t\t\t<h6 class=\"elementor-heading-title elementor-size-default\">Votre candidature doit comporter : CV, lettre de motivation pr\u00e9cisant la ville o\u00f9 vous souhaitez travailler, copies certifi\u00e9es conforme de votre CIN et du dipl\u00f4me correspondant au poste qui vous int\u00e9resse.<\/h6>\t\t\t\t<\/div>\n\t\t\t\t<\/div>\n\t\t\t\t\t<\/div>\n\t\t<\/div>\n\t\t\t\t<div class=\"elementor-column elementor-col-50 elementor-inner-column elementor-element elementor-element-31a23d6\" data-id=\"31a23d6\" data-element_type=\"column\" data-e-type=\"column\">\n\t\t\t<div class=\"elementor-widget-wrap elementor-element-populated\">\n\t\t\t\t\t\t<div class=\"elementor-element elementor-element-529da48 elementor-align-center elementor-widget elementor-widget-button\" data-id=\"529da48\" data-element_type=\"widget\" data-e-type=\"widget\" data-widget_type=\"button.default\">\n\t\t\t\t<div class=\"elementor-widget-container\">\n\t\t\t\t\t\t\t\t\t<div class=\"elementor-button-wrapper\">\n\t\t\t\t\t<a class=\"elementor-button elementor-button-link elementor-size-sm\" href=\"https:\/\/ecam.ma\/l-ecam-recrute\/\">\n\t\t\t\t\t\t<span class=\"elementor-button-content-wrapper\">\n\t\t\t\t\t\t<span class=\"elementor-button-icon\">\n\t\t\t\t<i aria-hidden=\"true\" class=\"far fa-address-card\"><\/i>\t\t\t<\/span>\n\t\t\t\t\t\t\t\t\t<span class=\"elementor-button-text\">Postuler<\/span>\n\t\t\t\t\t<\/span>\n\t\t\t\t\t<\/a>\n\t\t\t\t<\/div>\n\t\t\t\t\t\t\t\t<\/div>\n\t\t\t\t<\/div>\n\t\t\t\t\t<\/div>\n\t\t<\/div>\n\t\t\t\t\t<\/div>\n\t\t<\/section>\n\t\t\t\t\t<\/div>\n\t\t<\/div>\n\t\t\t\t\t<\/div>\n\t\t<\/section>\n\t\t\t\t<section class=\"elementor-section elementor-top-section elementor-element elementor-element-d6ac71c elementor-section-boxed elementor-section-height-default elementor-section-height-default\" data-id=\"d6ac71c\" data-element_type=\"section\" data-e-type=\"section\">\n\t\t\t\t\t\t<div class=\"elementor-container elementor-column-gap-default\">\n\t\t\t\t\t<div class=\"elementor-column elementor-col-100 elementor-top-column elementor-element elementor-element-6dc6184\" data-id=\"6dc6184\" data-element_type=\"column\" data-e-type=\"column\">\n\t\t\t<div class=\"elementor-widget-wrap elementor-element-populated\">\n\t\t\t\t\t\t<div class=\"elementor-element elementor-element-001a8bc elementor-widget elementor-widget-spacer\" data-id=\"001a8bc\" data-element_type=\"widget\" data-e-type=\"widget\" data-widget_type=\"spacer.default\">\n\t\t\t\t<div class=\"elementor-widget-container\">\n\t\t\t\t\t\t\t<div class=\"elementor-spacer\">\n\t\t\t<div class=\"elementor-spacer-inner\"><\/div>\n\t\t<\/div>\n\t\t\t\t\t\t<\/div>\n\t\t\t\t<\/div>\n\t\t\t\t\t<\/div>\n\t\t<\/div>\n\t\t\t\t\t<\/div>\n\t\t<\/section>\n\t\t\t\t<section class=\"elementor-section elementor-top-section elementor-element elementor-element-2f0fc69 elementor-section-boxed elementor-section-height-default elementor-section-height-default\" data-id=\"2f0fc69\" data-element_type=\"section\" data-e-type=\"section\">\n\t\t\t\t\t\t\t<div class=\"elementor-background-overlay\"><\/div>\n\t\t\t\t\t\t\t<div class=\"elementor-container elementor-column-gap-default\">\n\t\t\t\t\t<div class=\"elementor-column elementor-col-100 elementor-top-column elementor-element elementor-element-a943b7c\" data-id=\"a943b7c\" data-element_type=\"column\" data-e-type=\"column\">\n\t\t\t<div class=\"elementor-widget-wrap elementor-element-populated\">\n\t\t\t\t\t\t<div class=\"elementor-element elementor-element-ebfce8d elementor-widget elementor-widget-heading\" data-id=\"ebfce8d\" data-element_type=\"widget\" data-e-type=\"widget\" data-widget_type=\"heading.default\">\n\t\t\t\t<div class=\"elementor-widget-container\">\n\t\t\t\t\t<h5 class=\"elementor-heading-title elementor-size-default\">Autres pages qui pourraient vous int\u00e9resser :<\/h5>\t\t\t\t<\/div>\n\t\t\t\t<\/div>\n\t\t\t\t\t<\/div>\n\t\t<\/div>\n\t\t\t\t\t<\/div>\n\t\t<\/section>\n\t\t\t\t<section class=\"elementor-section elementor-top-section elementor-element elementor-element-d15bcb4 elementor-section-boxed elementor-section-height-default elementor-section-height-default\" data-id=\"d15bcb4\" data-element_type=\"section\" data-e-type=\"section\">\n\t\t\t\t\t\t\t<div class=\"elementor-background-overlay\"><\/div>\n\t\t\t\t\t\t\t<div class=\"elementor-container elementor-column-gap-default\">\n\t\t\t\t\t<div class=\"elementor-column elementor-col-25 elementor-top-column elementor-element elementor-element-0235235\" data-id=\"0235235\" data-element_type=\"column\" data-e-type=\"column\">\n\t\t\t<div class=\"elementor-widget-wrap elementor-element-populated\">\n\t\t\t\t\t\t<div class=\"elementor-element elementor-element-a444dee elementor-widget elementor-widget-image\" data-id=\"a444dee\" data-element_type=\"widget\" data-e-type=\"widget\" data-widget_type=\"image.default\">\n\t\t\t\t<div class=\"elementor-widget-container\">\n\t\t\t\t\t\t\t\t\t\t\t\t\t\t\t\t<a href=\"https:\/\/www.lasaadia.ma\/?page_id=27095\">\n\t\t\t\t\t\t\t<img fetchpriority=\"high\" decoding=\"async\" width=\"300\" height=\"300\" src=\"https:\/\/www.lasaadia.ma\/wp-content\/uploads\/2023\/01\/Nos-services-300x300.jpg\" class=\"attachment-medium size-medium wp-image-27033\" alt=\"\" srcset=\"https:\/\/www.lasaadia.ma\/wp-content\/uploads\/2023\/01\/Nos-services-300x300.jpg 300w, https:\/\/www.lasaadia.ma\/wp-content\/uploads\/2023\/01\/Nos-services-150x150.jpg 150w, https:\/\/www.lasaadia.ma\/wp-content\/uploads\/2023\/01\/Nos-services-768x768.jpg 768w, https:\/\/www.lasaadia.ma\/wp-content\/uploads\/2023\/01\/Nos-services.jpg 800w\" sizes=\"(max-width: 300px) 100vw, 300px\" \/>\t\t\t\t\t\t\t\t<\/a>\n\t\t\t\t\t\t\t\t\t\t\t\t\t\t\t<\/div>\n\t\t\t\t<\/div>\n\t\t\t\t\t<\/div>\n\t\t<\/div>\n\t\t\t\t<div class=\"elementor-column elementor-col-25 elementor-top-column elementor-element elementor-element-ed26bc9\" data-id=\"ed26bc9\" data-element_type=\"column\" data-e-type=\"column\">\n\t\t\t<div class=\"elementor-widget-wrap elementor-element-populated\">\n\t\t\t\t\t\t<div class=\"elementor-element elementor-element-17d620b elementor-widget elementor-widget-image\" data-id=\"17d620b\" data-element_type=\"widget\" data-e-type=\"widget\" data-widget_type=\"image.default\">\n\t\t\t\t<div class=\"elementor-widget-container\">\n\t\t\t\t\t\t\t\t\t\t\t\t\t\t\t\t<a href=\"https:\/\/www.lasaadia.ma\/?page_id=27955\">\n\t\t\t\t\t\t\t<img decoding=\"async\" width=\"300\" height=\"300\" src=\"https:\/\/www.lasaadia.ma\/wp-content\/uploads\/2023\/01\/Nos-Equipes-300x300.jpg\" class=\"attachment-medium size-medium wp-image-27148\" alt=\"\" srcset=\"https:\/\/www.lasaadia.ma\/wp-content\/uploads\/2023\/01\/Nos-Equipes-300x300.jpg 300w, https:\/\/www.lasaadia.ma\/wp-content\/uploads\/2023\/01\/Nos-Equipes-150x150.jpg 150w, https:\/\/www.lasaadia.ma\/wp-content\/uploads\/2023\/01\/Nos-Equipes-768x768.jpg 768w, https:\/\/www.lasaadia.ma\/wp-content\/uploads\/2023\/01\/Nos-Equipes.jpg 800w\" sizes=\"(max-width: 300px) 100vw, 300px\" \/>\t\t\t\t\t\t\t\t<\/a>\n\t\t\t\t\t\t\t\t\t\t\t\t\t\t\t<\/div>\n\t\t\t\t<\/div>\n\t\t\t\t\t<\/div>\n\t\t<\/div>\n\t\t\t\t<div class=\"elementor-column elementor-col-25 elementor-top-column elementor-element elementor-element-aaec84a\" data-id=\"aaec84a\" data-element_type=\"column\" data-e-type=\"column\">\n\t\t\t<div class=\"elementor-widget-wrap elementor-element-populated\">\n\t\t\t\t\t\t<div class=\"elementor-element elementor-element-2c7dc32 elementor-widget elementor-widget-image\" data-id=\"2c7dc32\" data-element_type=\"widget\" data-e-type=\"widget\" data-widget_type=\"image.default\">\n\t\t\t\t<div class=\"elementor-widget-container\">\n\t\t\t\t\t\t\t\t\t\t\t\t\t\t\t\t<a href=\"https:\/\/www.lasaadia.ma\/?page_id=26633\">\n\t\t\t\t\t\t\t<img decoding=\"async\" width=\"300\" height=\"300\" src=\"https:\/\/www.lasaadia.ma\/wp-content\/uploads\/2023\/01\/Nos-Valeurs-300x300.jpg\" class=\"attachment-medium size-medium wp-image-27183\" alt=\"\" srcset=\"https:\/\/www.lasaadia.ma\/wp-content\/uploads\/2023\/01\/Nos-Valeurs-300x300.jpg 300w, https:\/\/www.lasaadia.ma\/wp-content\/uploads\/2023\/01\/Nos-Valeurs-150x150.jpg 150w, https:\/\/www.lasaadia.ma\/wp-content\/uploads\/2023\/01\/Nos-Valeurs-768x768.jpg 768w, https:\/\/www.lasaadia.ma\/wp-content\/uploads\/2023\/01\/Nos-Valeurs.jpg 800w\" sizes=\"(max-width: 300px) 100vw, 300px\" \/>\t\t\t\t\t\t\t\t<\/a>\n\t\t\t\t\t\t\t\t\t\t\t\t\t\t\t<\/div>\n\t\t\t\t<\/div>\n\t\t\t\t\t<\/div>\n\t\t<\/div>\n\t\t\t\t<div class=\"elementor-column elementor-col-25 elementor-top-column elementor-element elementor-element-ce68909\" data-id=\"ce68909\" data-element_type=\"column\" data-e-type=\"column\">\n\t\t\t<div class=\"elementor-widget-wrap elementor-element-populated\">\n\t\t\t\t\t\t<div class=\"elementor-element elementor-element-0c963fd elementor-widget elementor-widget-image\" data-id=\"0c963fd\" data-element_type=\"widget\" data-e-type=\"widget\" data-widget_type=\"image.default\">\n\t\t\t\t<div class=\"elementor-widget-container\">\n\t\t\t\t\t\t\t\t\t\t\t\t\t\t\t\t<a href=\"https:\/\/www.lasaadia.ma\/?page_id=26894\">\n\t\t\t\t\t\t\t<img loading=\"lazy\" decoding=\"async\" width=\"300\" height=\"300\" src=\"https:\/\/www.lasaadia.ma\/wp-content\/uploads\/2023\/01\/Reseau-ECAM-300x300.jpg\" class=\"attachment-medium size-medium wp-image-27149\" alt=\"\" srcset=\"https:\/\/www.lasaadia.ma\/wp-content\/uploads\/2023\/01\/Reseau-ECAM-300x300.jpg 300w, https:\/\/www.lasaadia.ma\/wp-content\/uploads\/2023\/01\/Reseau-ECAM-150x150.jpg 150w, https:\/\/www.lasaadia.ma\/wp-content\/uploads\/2023\/01\/Reseau-ECAM-768x768.jpg 768w, https:\/\/www.lasaadia.ma\/wp-content\/uploads\/2023\/01\/Reseau-ECAM.jpg 800w\" sizes=\"(max-width: 300px) 100vw, 300px\" \/>\t\t\t\t\t\t\t\t<\/a>\n\t\t\t\t\t\t\t\t\t\t\t\t\t\t\t<\/div>\n\t\t\t\t<\/div>\n\t\t\t\t\t<\/div>\n\t\t<\/div>\n\t\t\t\t\t<\/div>\n\t\t<\/section>\n\t\t\t\t<\/div>\n\t\t","protected":false},"excerpt":{"rendered":"<p>NOUS REJOINDRE Rejoindre l\u2019\u00e9quipe de l\u2019institution LA SAADIA c\u2019est int\u00e9grer un groupe dynamique, ouvert sur le monde, en plein d\u00e9veloppement et faire partie d\u2019une \u00e9quipe compos\u00e9e d\u2019enseignants, d\u2019encadrants et de personnels administratifs passionn\u00e9s et anim\u00e9s par la m\u00eame envie d\u2019excellence. Pour r\u00e9ussir l\u2019accompagnement et l\u2019\u00e9ducation de ces \u00e9l\u00e8ves, nous recrutons des personnes qui ont le &hellip;<\/p>\n<p class=\"read-more\"> <a class=\"\" href=\"https:\/\/www.lasaadia.ma\/?page_id=26807\"> <span class=\"screen-reader-text\">NOUS REJOINDRE<\/span> Lire la suite\u00a0\u00bb<\/a><\/p>\n","protected":false},"author":1,"featured_media":0,"parent":0,"menu_order":0,"comment_status":"closed","ping_status":"closed","template":"","meta":{"site-sidebar-layout":"no-sidebar","site-content-layout":"page-builder","ast-global-header-display":"","ast-main-header-display":"","ast-hfb-above-header-display":"","ast-hfb-below-header-display":"","ast-hfb-mobile-header-display":"","site-post-title":"disabled","ast-breadcrumbs-content":"","ast-featured-img":"disabled","footer-sml-layout":"","theme-transparent-header-meta":"","adv-header-id-meta":"","stick-header-meta":"","header-above-stick-meta":"","header-main-stick-meta":"","header-below-stick-meta":"","_joinchat":[],"footnotes":""},"class_list":["post-26807","page","type-page","status-publish","hentry"],"_links":{"self":[{"href":"https:\/\/www.lasaadia.ma\/index.php?rest_route=\/wp\/v2\/pages\/26807","targetHints":{"allow":["GET"]}}],"collection":[{"href":"https:\/\/www.lasaadia.ma\/index.php?rest_route=\/wp\/v2\/pages"}],"about":[{"href":"https:\/\/www.lasaadia.ma\/index.php?rest_route=\/wp\/v2\/types\/page"}],"author":[{"embeddable":true,"href":"https:\/\/www.lasaadia.ma\/index.php?rest_route=\/wp\/v2\/users\/1"}],"replies":[{"embeddable":true,"href":"https:\/\/www.lasaadia.ma\/index.php?rest_route=%2Fwp%2Fv2%2Fcomments&post=26807"}],"version-history":[{"count":89,"href":"https:\/\/www.lasaadia.ma\/index.php?rest_route=\/wp\/v2\/pages\/26807\/revisions"}],"predecessor-version":[{"id":33022,"href":"https:\/\/www.lasaadia.ma\/index.php?rest_route=\/wp\/v2\/pages\/26807\/revisions\/33022"}],"wp:attachment":[{"href":"https:\/\/www.lasaadia.ma\/index.php?rest_route=%2Fwp%2Fv2%2Fmedia&parent=26807"}],"curies":[{"name":"wp","href":"https:\/\/api.w.org\/{rel}","templated":true}]}}