{"id":26978,"date":"2023-01-08T16:44:49","date_gmt":"2023-01-08T16:44:49","guid":{"rendered":"https:\/\/www.lasaadia.org\/wp\/?page_id=26978"},"modified":"2024-03-10T13:10:03","modified_gmt":"2024-03-10T13:10:03","slug":"aaareglement-interieur","status":"publish","type":"page","link":"https:\/\/www.lasaadia.ma\/?page_id=26978","title":{"rendered":"R\u00c8GLEMENT INT\u00c9RIEUR"},"content":{"rendered":"\t\t<div data-elementor-type=\"wp-page\" data-elementor-id=\"26978\" class=\"elementor elementor-26978\">\n\t\t\t\t\t\t<section class=\"elementor-section elementor-top-section elementor-element elementor-element-63d457d elementor-section-boxed elementor-section-height-default elementor-section-height-default\" data-id=\"63d457d\" data-element_type=\"section\" data-e-type=\"section\">\n\t\t\t\t\t\t<div class=\"elementor-container elementor-column-gap-default\">\n\t\t\t\t\t<div class=\"elementor-column elementor-col-100 elementor-top-column elementor-element elementor-element-8111cbb\" data-id=\"8111cbb\" data-element_type=\"column\" data-e-type=\"column\">\n\t\t\t<div class=\"elementor-widget-wrap\">\n\t\t\t\t\t\t\t<\/div>\n\t\t<\/div>\n\t\t\t\t\t<\/div>\n\t\t<\/section>\n\t\t\t\t<section class=\"elementor-section elementor-top-section elementor-element elementor-element-b1db210 elementor-section-stretched elementor-section-boxed elementor-section-height-default elementor-section-height-default\" data-id=\"b1db210\" data-element_type=\"section\" data-e-type=\"section\" data-settings=\"{&quot;stretch_section&quot;:&quot;section-stretched&quot;,&quot;background_background&quot;:&quot;classic&quot;}\">\n\t\t\t\t\t\t<div class=\"elementor-container elementor-column-gap-default\">\n\t\t\t\t\t<div class=\"elementor-column elementor-col-100 elementor-top-column elementor-element elementor-element-a8f3c02\" data-id=\"a8f3c02\" data-element_type=\"column\" data-e-type=\"column\">\n\t\t\t<div class=\"elementor-widget-wrap elementor-element-populated\">\n\t\t\t\t\t\t<div class=\"elementor-element elementor-element-88e6012 elementor-widget elementor-widget-heading\" data-id=\"88e6012\" data-element_type=\"widget\" data-e-type=\"widget\" data-widget_type=\"heading.default\">\n\t\t\t\t<div class=\"elementor-widget-container\">\n\t\t\t\t\t<h3 class=\"elementor-heading-title elementor-size-default\">R\u00c8GLEMENT INT\u00c9RIEUR\n<\/h3>\t\t\t\t<\/div>\n\t\t\t\t<\/div>\n\t\t\t\t<div class=\"elementor-element elementor-element-9dbca77 elementor-widget-divider--view-line elementor-widget elementor-widget-divider\" data-id=\"9dbca77\" data-element_type=\"widget\" data-e-type=\"widget\" data-widget_type=\"divider.default\">\n\t\t\t\t<div class=\"elementor-widget-container\">\n\t\t\t\t\t\t\t<div class=\"elementor-divider\">\n\t\t\t<span class=\"elementor-divider-separator\">\n\t\t\t\t\t\t<\/span>\n\t\t<\/div>\n\t\t\t\t\t\t<\/div>\n\t\t\t\t<\/div>\n\t\t\t\t\t<\/div>\n\t\t<\/div>\n\t\t\t\t\t<\/div>\n\t\t<\/section>\n\t\t\t\t<section class=\"elementor-section elementor-top-section elementor-element elementor-element-863259b elementor-section-boxed elementor-section-height-default elementor-section-height-default\" data-id=\"863259b\" data-element_type=\"section\" data-e-type=\"section\">\n\t\t\t\t\t\t<div class=\"elementor-container elementor-column-gap-default\">\n\t\t\t\t\t<div class=\"elementor-column elementor-col-100 elementor-top-column elementor-element elementor-element-522caea\" data-id=\"522caea\" data-element_type=\"column\" data-e-type=\"column\">\n\t\t\t<div class=\"elementor-widget-wrap\">\n\t\t\t\t\t\t\t<\/div>\n\t\t<\/div>\n\t\t\t\t\t<\/div>\n\t\t<\/section>\n\t\t\t\t<section class=\"elementor-section elementor-top-section elementor-element elementor-element-b18dc9b elementor-section-boxed elementor-section-height-default elementor-section-height-default\" data-id=\"b18dc9b\" data-element_type=\"section\" data-e-type=\"section\">\n\t\t\t\t\t\t<div class=\"elementor-container elementor-column-gap-default\">\n\t\t\t\t\t<div class=\"elementor-column elementor-col-100 elementor-top-column elementor-element elementor-element-6b6d3d5\" data-id=\"6b6d3d5\" data-element_type=\"column\" data-e-type=\"column\">\n\t\t\t<div class=\"elementor-widget-wrap\">\n\t\t\t\t\t\t\t<\/div>\n\t\t<\/div>\n\t\t\t\t\t<\/div>\n\t\t<\/section>\n\t\t\t\t<section class=\"elementor-section elementor-top-section elementor-element elementor-element-5d36152 elementor-section-boxed elementor-section-height-default elementor-section-height-default\" data-id=\"5d36152\" data-element_type=\"section\" data-e-type=\"section\">\n\t\t\t\t\t\t<div class=\"elementor-container elementor-column-gap-default\">\n\t\t\t\t\t<div class=\"elementor-column elementor-col-33 elementor-top-column elementor-element elementor-element-1f768c4\" data-id=\"1f768c4\" data-element_type=\"column\" data-e-type=\"column\" data-settings=\"{&quot;background_background&quot;:&quot;classic&quot;}\">\n\t\t\t<div class=\"elementor-widget-wrap elementor-element-populated\">\n\t\t\t\t\t\t<div class=\"elementor-element elementor-element-20cc68c elementor-widget elementor-widget-heading\" data-id=\"20cc68c\" data-element_type=\"widget\" data-e-type=\"widget\" data-widget_type=\"heading.default\">\n\t\t\t\t<div class=\"elementor-widget-container\">\n\t\t\t\t\t<h4 class=\"elementor-heading-title elementor-size-default\">Pr\u00e9scolaire<\/h4>\t\t\t\t<\/div>\n\t\t\t\t<\/div>\n\t\t\t\t<div class=\"elementor-element elementor-element-46de08d elementor-widget elementor-widget-image\" data-id=\"46de08d\" data-element_type=\"widget\" data-e-type=\"widget\" data-widget_type=\"image.default\">\n\t\t\t\t<div class=\"elementor-widget-container\">\n\t\t\t\t\t\t\t\t\t\t\t\t\t\t\t<img fetchpriority=\"high\" decoding=\"async\" width=\"1024\" height=\"711\" src=\"https:\/\/www.lasaadia.ma\/wp-content\/uploads\/2024\/03\/2-2048x1422-1-1024x711.jpg\" class=\"attachment-large size-large wp-image-33024\" alt=\"\" srcset=\"https:\/\/www.lasaadia.ma\/wp-content\/uploads\/2024\/03\/2-2048x1422-1-1024x711.jpg 1024w, https:\/\/www.lasaadia.ma\/wp-content\/uploads\/2024\/03\/2-2048x1422-1-300x208.jpg 300w, https:\/\/www.lasaadia.ma\/wp-content\/uploads\/2024\/03\/2-2048x1422-1-768x533.jpg 768w, https:\/\/www.lasaadia.ma\/wp-content\/uploads\/2024\/03\/2-2048x1422-1-1536x1067.jpg 1536w, https:\/\/www.lasaadia.ma\/wp-content\/uploads\/2024\/03\/2-2048x1422-1.jpg 2048w\" sizes=\"(max-width: 1024px) 100vw, 1024px\" \/>\t\t\t\t\t\t\t\t\t\t\t\t\t\t\t<\/div>\n\t\t\t\t<\/div>\n\t\t\t\t\t<\/div>\n\t\t<\/div>\n\t\t\t\t<div class=\"elementor-column elementor-col-33 elementor-top-column elementor-element elementor-element-c4247a8\" data-id=\"c4247a8\" data-element_type=\"column\" data-e-type=\"column\" data-settings=\"{&quot;background_background&quot;:&quot;classic&quot;}\">\n\t\t\t<div class=\"elementor-widget-wrap elementor-element-populated\">\n\t\t\t\t\t\t<div class=\"elementor-element elementor-element-de52508 elementor-widget elementor-widget-heading\" data-id=\"de52508\" data-element_type=\"widget\" data-e-type=\"widget\" data-widget_type=\"heading.default\">\n\t\t\t\t<div class=\"elementor-widget-container\">\n\t\t\t\t\t<h4 class=\"elementor-heading-title elementor-size-default\">Primaire<\/h4>\t\t\t\t<\/div>\n\t\t\t\t<\/div>\n\t\t\t\t<div class=\"elementor-element elementor-element-4cf69e7 elementor-widget elementor-widget-image\" data-id=\"4cf69e7\" data-element_type=\"widget\" data-e-type=\"widget\" data-widget_type=\"image.default\">\n\t\t\t\t<div class=\"elementor-widget-container\">\n\t\t\t\t\t\t\t\t\t\t\t\t\t\t\t<img decoding=\"async\" width=\"1024\" height=\"683\" src=\"https:\/\/www.lasaadia.ma\/wp-content\/uploads\/2024\/03\/DSC_0025-2048x1365-1-1024x683.jpg\" class=\"attachment-large size-large wp-image-33025\" alt=\"\" srcset=\"https:\/\/www.lasaadia.ma\/wp-content\/uploads\/2024\/03\/DSC_0025-2048x1365-1-1024x683.jpg 1024w, https:\/\/www.lasaadia.ma\/wp-content\/uploads\/2024\/03\/DSC_0025-2048x1365-1-300x200.jpg 300w, https:\/\/www.lasaadia.ma\/wp-content\/uploads\/2024\/03\/DSC_0025-2048x1365-1-768x512.jpg 768w, https:\/\/www.lasaadia.ma\/wp-content\/uploads\/2024\/03\/DSC_0025-2048x1365-1-1536x1024.jpg 1536w, https:\/\/www.lasaadia.ma\/wp-content\/uploads\/2024\/03\/DSC_0025-2048x1365-1.jpg 2048w\" sizes=\"(max-width: 1024px) 100vw, 1024px\" \/>\t\t\t\t\t\t\t\t\t\t\t\t\t\t\t<\/div>\n\t\t\t\t<\/div>\n\t\t\t\t\t<\/div>\n\t\t<\/div>\n\t\t\t\t<div class=\"elementor-column elementor-col-33 elementor-top-column elementor-element elementor-element-e7bd8cd\" data-id=\"e7bd8cd\" data-element_type=\"column\" data-e-type=\"column\" data-settings=\"{&quot;background_background&quot;:&quot;classic&quot;}\">\n\t\t\t<div class=\"elementor-widget-wrap elementor-element-populated\">\n\t\t\t\t\t\t<div class=\"elementor-element elementor-element-c0a1b22 elementor-widget elementor-widget-heading\" data-id=\"c0a1b22\" data-element_type=\"widget\" data-e-type=\"widget\" data-widget_type=\"heading.default\">\n\t\t\t\t<div class=\"elementor-widget-container\">\n\t\t\t\t\t<h4 class=\"elementor-heading-title elementor-size-default\">Coll\u00e8ge<\/h4>\t\t\t\t<\/div>\n\t\t\t\t<\/div>\n\t\t\t\t<div class=\"elementor-element elementor-element-1ff0027 elementor-widget elementor-widget-image\" data-id=\"1ff0027\" data-element_type=\"widget\" data-e-type=\"widget\" data-widget_type=\"image.default\">\n\t\t\t\t<div class=\"elementor-widget-container\">\n\t\t\t\t\t\t\t\t\t\t\t\t\t\t\t<img decoding=\"async\" width=\"1024\" height=\"683\" src=\"https:\/\/www.lasaadia.ma\/wp-content\/uploads\/2023\/01\/reglement-1.png\" class=\"attachment-2048x2048 size-2048x2048 wp-image-27863\" alt=\"\" srcset=\"https:\/\/www.lasaadia.ma\/wp-content\/uploads\/2023\/01\/reglement-1.png 1024w, https:\/\/www.lasaadia.ma\/wp-content\/uploads\/2023\/01\/reglement-1-300x200.png 300w, https:\/\/www.lasaadia.ma\/wp-content\/uploads\/2023\/01\/reglement-1-768x512.png 768w\" sizes=\"(max-width: 1024px) 100vw, 1024px\" \/>\t\t\t\t\t\t\t\t\t\t\t\t\t\t\t<\/div>\n\t\t\t\t<\/div>\n\t\t\t\t\t<\/div>\n\t\t<\/div>\n\t\t\t\t\t<\/div>\n\t\t<\/section>\n\t\t\t\t<section class=\"elementor-section elementor-top-section elementor-element elementor-element-ca1ddcd elementor-section-boxed elementor-section-height-default elementor-section-height-default\" data-id=\"ca1ddcd\" data-element_type=\"section\" data-e-type=\"section\" data-settings=\"{&quot;background_background&quot;:&quot;gradient&quot;}\">\n\t\t\t\t\t\t<div class=\"elementor-container elementor-column-gap-default\">\n\t\t\t\t\t<div class=\"elementor-column elementor-col-100 elementor-top-column elementor-element elementor-element-883c321\" data-id=\"883c321\" data-element_type=\"column\" data-e-type=\"column\">\n\t\t\t<div class=\"elementor-widget-wrap elementor-element-populated\">\n\t\t\t\t\t\t<div class=\"elementor-element elementor-element-9b577bd elementor-align-center elementor-widget elementor-widget-button\" data-id=\"9b577bd\" data-element_type=\"widget\" data-e-type=\"widget\" data-widget_type=\"button.default\">\n\t\t\t\t<div class=\"elementor-widget-container\">\n\t\t\t\t\t\t\t\t\t<div class=\"elementor-button-wrapper\">\n\t\t\t\t\t<a class=\"elementor-button elementor-button-link elementor-size-sm\" href=\"https:\/\/www.lasaadia.ma\/wp-content\/uploads\/2024\/02\/REGLEMENT-INTERIEUR.pdf\">\n\t\t\t\t\t\t<span class=\"elementor-button-content-wrapper\">\n\t\t\t\t\t\t<span class=\"elementor-button-icon\">\n\t\t\t\t<i aria-hidden=\"true\" class=\"fas fa-info\"><\/i>\t\t\t<\/span>\n\t\t\t\t\t\t\t\t\t<span class=\"elementor-button-text\">En savoir plus <\/span>\n\t\t\t\t\t<\/span>\n\t\t\t\t\t<\/a>\n\t\t\t\t<\/div>\n\t\t\t\t\t\t\t\t<\/div>\n\t\t\t\t<\/div>\n\t\t\t\t\t<\/div>\n\t\t<\/div>\n\t\t\t\t\t<\/div>\n\t\t<\/section>\n\t\t\t\t<section class=\"elementor-section elementor-top-section elementor-element elementor-element-652b875 elementor-section-boxed elementor-section-height-default elementor-section-height-default\" data-id=\"652b875\" data-element_type=\"section\" data-e-type=\"section\">\n\t\t\t\t\t\t<div class=\"elementor-container elementor-column-gap-default\">\n\t\t\t\t\t<div class=\"elementor-column elementor-col-100 elementor-top-column elementor-element elementor-element-9fa5aeb\" data-id=\"9fa5aeb\" data-element_type=\"column\" data-e-type=\"column\">\n\t\t\t<div class=\"elementor-widget-wrap\">\n\t\t\t\t\t\t\t<\/div>\n\t\t<\/div>\n\t\t\t\t\t<\/div>\n\t\t<\/section>\n\t\t\t\t<section class=\"elementor-section elementor-top-section elementor-element elementor-element-2a83212 elementor-section-stretched elementor-section-boxed elementor-section-height-default elementor-section-height-default\" data-id=\"2a83212\" data-element_type=\"section\" data-e-type=\"section\" data-settings=\"{&quot;stretch_section&quot;:&quot;section-stretched&quot;,&quot;background_background&quot;:&quot;classic&quot;}\">\n\t\t\t\t\t\t<div class=\"elementor-container elementor-column-gap-default\">\n\t\t\t\t\t<div class=\"elementor-column elementor-col-100 elementor-top-column elementor-element elementor-element-a213e0a\" data-id=\"a213e0a\" data-element_type=\"column\" data-e-type=\"column\">\n\t\t\t<div class=\"elementor-widget-wrap elementor-element-populated\">\n\t\t\t\t\t\t<div class=\"elementor-element elementor-element-58b283a elementor-widget elementor-widget-heading\" data-id=\"58b283a\" data-element_type=\"widget\" data-e-type=\"widget\" data-widget_type=\"heading.default\">\n\t\t\t\t<div class=\"elementor-widget-container\">\n\t\t\t\t\t<h5 class=\"elementor-heading-title elementor-size-default\">Autres pages qui pourraient vous int\u00e9resser :<\/h5>\t\t\t\t<\/div>\n\t\t\t\t<\/div>\n\t\t\t\t<section class=\"elementor-section elementor-inner-section elementor-element elementor-element-c6b6227 elementor-section-boxed elementor-section-height-default elementor-section-height-default\" data-id=\"c6b6227\" data-element_type=\"section\" data-e-type=\"section\">\n\t\t\t\t\t\t<div class=\"elementor-container elementor-column-gap-default\">\n\t\t\t\t\t<div class=\"elementor-column elementor-col-25 elementor-inner-column elementor-element elementor-element-833f2a3\" data-id=\"833f2a3\" data-element_type=\"column\" data-e-type=\"column\">\n\t\t\t<div class=\"elementor-widget-wrap elementor-element-populated\">\n\t\t\t\t\t\t<div class=\"elementor-element elementor-element-06d35e8 elementor-widget elementor-widget-image\" data-id=\"06d35e8\" data-element_type=\"widget\" data-e-type=\"widget\" data-widget_type=\"image.default\">\n\t\t\t\t<div class=\"elementor-widget-container\">\n\t\t\t\t\t\t\t\t\t\t\t\t\t\t\t\t<a href=\"https:\/\/www.lasaadia.ma\/?page_id=27095\">\n\t\t\t\t\t\t\t<img loading=\"lazy\" decoding=\"async\" width=\"800\" height=\"800\" src=\"https:\/\/www.lasaadia.ma\/wp-content\/uploads\/2023\/01\/Nos-services-1.jpg\" class=\"attachment-large size-large wp-image-27151\" alt=\"\" srcset=\"https:\/\/www.lasaadia.ma\/wp-content\/uploads\/2023\/01\/Nos-services-1.jpg 800w, https:\/\/www.lasaadia.ma\/wp-content\/uploads\/2023\/01\/Nos-services-1-300x300.jpg 300w, https:\/\/www.lasaadia.ma\/wp-content\/uploads\/2023\/01\/Nos-services-1-150x150.jpg 150w, https:\/\/www.lasaadia.ma\/wp-content\/uploads\/2023\/01\/Nos-services-1-768x768.jpg 768w\" sizes=\"(max-width: 800px) 100vw, 800px\" \/>\t\t\t\t\t\t\t\t<\/a>\n\t\t\t\t\t\t\t\t\t\t\t\t\t\t\t<\/div>\n\t\t\t\t<\/div>\n\t\t\t\t\t<\/div>\n\t\t<\/div>\n\t\t\t\t<div class=\"elementor-column elementor-col-25 elementor-inner-column elementor-element elementor-element-5d1b3fb\" data-id=\"5d1b3fb\" data-element_type=\"column\" data-e-type=\"column\">\n\t\t\t<div class=\"elementor-widget-wrap elementor-element-populated\">\n\t\t\t\t\t\t<div class=\"elementor-element elementor-element-a89be7e elementor-widget elementor-widget-image\" data-id=\"a89be7e\" data-element_type=\"widget\" data-e-type=\"widget\" data-widget_type=\"image.default\">\n\t\t\t\t<div class=\"elementor-widget-container\">\n\t\t\t\t\t\t\t\t\t\t\t\t\t\t\t\t<a href=\"https:\/\/www.lasaadia.ma\/?page_id=26923\">\n\t\t\t\t\t\t\t<img loading=\"lazy\" decoding=\"async\" width=\"800\" height=\"800\" src=\"https:\/\/www.lasaadia.ma\/wp-content\/uploads\/2023\/01\/Cycles-Scolaires.jpg\" class=\"attachment-large size-large wp-image-27167\" alt=\"\" srcset=\"https:\/\/www.lasaadia.ma\/wp-content\/uploads\/2023\/01\/Cycles-Scolaires.jpg 800w, https:\/\/www.lasaadia.ma\/wp-content\/uploads\/2023\/01\/Cycles-Scolaires-300x300.jpg 300w, https:\/\/www.lasaadia.ma\/wp-content\/uploads\/2023\/01\/Cycles-Scolaires-150x150.jpg 150w, https:\/\/www.lasaadia.ma\/wp-content\/uploads\/2023\/01\/Cycles-Scolaires-768x768.jpg 768w\" sizes=\"(max-width: 800px) 100vw, 800px\" \/>\t\t\t\t\t\t\t\t<\/a>\n\t\t\t\t\t\t\t\t\t\t\t\t\t\t\t<\/div>\n\t\t\t\t<\/div>\n\t\t\t\t\t<\/div>\n\t\t<\/div>\n\t\t\t\t<div class=\"elementor-column elementor-col-25 elementor-inner-column elementor-element elementor-element-1ea613d\" data-id=\"1ea613d\" data-element_type=\"column\" data-e-type=\"column\">\n\t\t\t<div class=\"elementor-widget-wrap elementor-element-populated\">\n\t\t\t\t\t\t<div class=\"elementor-element elementor-element-09e0bd7 elementor-widget elementor-widget-image\" data-id=\"09e0bd7\" data-element_type=\"widget\" data-e-type=\"widget\" data-widget_type=\"image.default\">\n\t\t\t\t<div class=\"elementor-widget-container\">\n\t\t\t\t\t\t\t\t\t\t\t\t\t\t\t\t<a href=\"https:\/\/www.lasaadia.ma\/?page_id=26940\">\n\t\t\t\t\t\t\t<img loading=\"lazy\" decoding=\"async\" width=\"800\" height=\"800\" src=\"https:\/\/www.lasaadia.ma\/wp-content\/uploads\/2023\/01\/Projet-Educatif.jpg\" class=\"attachment-large size-large wp-image-27162\" alt=\"\" srcset=\"https:\/\/www.lasaadia.ma\/wp-content\/uploads\/2023\/01\/Projet-Educatif.jpg 800w, https:\/\/www.lasaadia.ma\/wp-content\/uploads\/2023\/01\/Projet-Educatif-300x300.jpg 300w, https:\/\/www.lasaadia.ma\/wp-content\/uploads\/2023\/01\/Projet-Educatif-150x150.jpg 150w, https:\/\/www.lasaadia.ma\/wp-content\/uploads\/2023\/01\/Projet-Educatif-768x768.jpg 768w\" sizes=\"(max-width: 800px) 100vw, 800px\" \/>\t\t\t\t\t\t\t\t<\/a>\n\t\t\t\t\t\t\t\t\t\t\t\t\t\t\t<\/div>\n\t\t\t\t<\/div>\n\t\t\t\t\t<\/div>\n\t\t<\/div>\n\t\t\t\t<div class=\"elementor-column elementor-col-25 elementor-inner-column elementor-element elementor-element-c1c093a\" data-id=\"c1c093a\" data-element_type=\"column\" data-e-type=\"column\">\n\t\t\t<div class=\"elementor-widget-wrap elementor-element-populated\">\n\t\t\t\t\t\t<div class=\"elementor-element elementor-element-ae1c40c elementor-widget elementor-widget-image\" data-id=\"ae1c40c\" data-element_type=\"widget\" data-e-type=\"widget\" data-widget_type=\"image.default\">\n\t\t\t\t<div class=\"elementor-widget-container\">\n\t\t\t\t\t\t\t\t\t\t\t\t\t\t\t\t<a href=\"https:\/\/www.lasaadia.ma\/?page_id=26995\">\n\t\t\t\t\t\t\t<img loading=\"lazy\" decoding=\"async\" width=\"800\" height=\"800\" src=\"https:\/\/www.lasaadia.ma\/wp-content\/uploads\/2023\/01\/Fournitures-Scolaires.jpg\" class=\"attachment-large size-large wp-image-27163\" alt=\"\" srcset=\"https:\/\/www.lasaadia.ma\/wp-content\/uploads\/2023\/01\/Fournitures-Scolaires.jpg 800w, https:\/\/www.lasaadia.ma\/wp-content\/uploads\/2023\/01\/Fournitures-Scolaires-300x300.jpg 300w, https:\/\/www.lasaadia.ma\/wp-content\/uploads\/2023\/01\/Fournitures-Scolaires-150x150.jpg 150w, https:\/\/www.lasaadia.ma\/wp-content\/uploads\/2023\/01\/Fournitures-Scolaires-768x768.jpg 768w\" sizes=\"(max-width: 800px) 100vw, 800px\" \/>\t\t\t\t\t\t\t\t<\/a>\n\t\t\t\t\t\t\t\t\t\t\t\t\t\t\t<\/div>\n\t\t\t\t<\/div>\n\t\t\t\t\t<\/div>\n\t\t<\/div>\n\t\t\t\t\t<\/div>\n\t\t<\/section>\n\t\t\t\t\t<\/div>\n\t\t<\/div>\n\t\t\t\t\t<\/div>\n\t\t<\/section>\n\t\t\t\t<section class=\"elementor-section elementor-top-section elementor-element elementor-element-44cb13d elementor-section-boxed elementor-section-height-default elementor-section-height-default\" data-id=\"44cb13d\" data-element_type=\"section\" data-e-type=\"section\">\n\t\t\t\t\t\t<div class=\"elementor-container elementor-column-gap-default\">\n\t\t\t\t\t<div class=\"elementor-column elementor-col-100 elementor-top-column elementor-element elementor-element-56cfdc5\" data-id=\"56cfdc5\" data-element_type=\"column\" data-e-type=\"column\">\n\t\t\t<div class=\"elementor-widget-wrap\">\n\t\t\t\t\t\t\t<\/div>\n\t\t<\/div>\n\t\t\t\t\t<\/div>\n\t\t<\/section>\n\t\t\t\t<\/div>\n\t\t","protected":false},"excerpt":{"rendered":"<p>R\u00c8GLEMENT INT\u00c9RIEUR Pr\u00e9scolaire Primaire Coll\u00e8ge En savoir plus Autres pages qui pourraient vous int\u00e9resser :<\/p>\n","protected":false},"author":1,"featured_media":0,"parent":0,"menu_order":0,"comment_status":"closed","ping_status":"closed","template":"","meta":{"site-sidebar-layout":"no-sidebar","site-content-layout":"page-builder","ast-global-header-display":"","ast-main-header-display":"","ast-hfb-above-header-display":"","ast-hfb-below-header-display":"","ast-hfb-mobile-header-display":"","site-post-title":"disabled","ast-breadcrumbs-content":"","ast-featured-img":"disabled","footer-sml-layout":"","theme-transparent-header-meta":"","adv-header-id-meta":"","stick-header-meta":"","header-above-stick-meta":"","header-main-stick-meta":"","header-below-stick-meta":"","_joinchat":[],"footnotes":""},"class_list":["post-26978","page","type-page","status-publish","hentry"],"_links":{"self":[{"href":"https:\/\/www.lasaadia.ma\/index.php?rest_route=\/wp\/v2\/pages\/26978","targetHints":{"allow":["GET"]}}],"collection":[{"href":"https:\/\/www.lasaadia.ma\/index.php?rest_route=\/wp\/v2\/pages"}],"about":[{"href":"https:\/\/www.lasaadia.ma\/index.php?rest_route=\/wp\/v2\/types\/page"}],"author":[{"embeddable":true,"href":"https:\/\/www.lasaadia.ma\/index.php?rest_route=\/wp\/v2\/users\/1"}],"replies":[{"embeddable":true,"href":"https:\/\/www.lasaadia.ma\/index.php?rest_route=%2Fwp%2Fv2%2Fcomments&post=26978"}],"version-history":[{"count":59,"href":"https:\/\/www.lasaadia.ma\/index.php?rest_route=\/wp\/v2\/pages\/26978\/revisions"}],"predecessor-version":[{"id":33089,"href":"https:\/\/www.lasaadia.ma\/index.php?rest_route=\/wp\/v2\/pages\/26978\/revisions\/33089"}],"wp:attachment":[{"href":"https:\/\/www.lasaadia.ma\/index.php?rest_route=%2Fwp%2Fv2%2Fmedia&parent=26978"}],"curies":[{"name":"wp","href":"https:\/\/api.w.org\/{rel}","templated":true}]}}