{"id":34848,"date":"2026-04-30T09:54:21","date_gmt":"2026-04-30T09:54:21","guid":{"rendered":"https:\/\/www.lasaadia.ma\/?page_id=34848"},"modified":"2026-04-30T09:57:04","modified_gmt":"2026-04-30T09:57:04","slug":"nos-valeurs-dupliquer-26633-3","status":"publish","type":"page","link":"https:\/\/www.lasaadia.ma\/?page_id=34848","title":{"rendered":"MOT DU DIRECTEUR"},"content":{"rendered":"\t\t<div data-elementor-type=\"wp-page\" data-elementor-id=\"34848\" class=\"elementor elementor-34848\">\n\t\t\t\t\t\t<section class=\"elementor-section elementor-top-section elementor-element elementor-element-1848a7f elementor-section-stretched elementor-section-boxed elementor-section-height-default elementor-section-height-default\" data-id=\"1848a7f\" data-element_type=\"section\" data-e-type=\"section\" data-settings=\"{&quot;stretch_section&quot;:&quot;section-stretched&quot;,&quot;background_background&quot;:&quot;classic&quot;}\">\n\t\t\t\t\t\t<div class=\"elementor-container elementor-column-gap-default\">\n\t\t\t\t\t<div class=\"elementor-column elementor-col-100 elementor-top-column elementor-element elementor-element-6073843\" data-id=\"6073843\" data-element_type=\"column\" data-e-type=\"column\">\n\t\t\t<div class=\"elementor-widget-wrap elementor-element-populated\">\n\t\t\t\t\t\t<div class=\"elementor-element elementor-element-481c73d elementor-widget elementor-widget-heading\" data-id=\"481c73d\" data-element_type=\"widget\" data-e-type=\"widget\" data-widget_type=\"heading.default\">\n\t\t\t\t<div class=\"elementor-widget-container\">\n\t\t\t\t\t<h3 class=\"elementor-heading-title elementor-size-default\">MOT DU DIRECTEUR<\/h3>\t\t\t\t<\/div>\n\t\t\t\t<\/div>\n\t\t\t\t<div class=\"elementor-element elementor-element-ce54f04 elementor-widget-divider--view-line elementor-widget elementor-widget-divider\" data-id=\"ce54f04\" data-element_type=\"widget\" data-e-type=\"widget\" data-widget_type=\"divider.default\">\n\t\t\t\t<div class=\"elementor-widget-container\">\n\t\t\t\t\t\t\t<div class=\"elementor-divider\">\n\t\t\t<span class=\"elementor-divider-separator\">\n\t\t\t\t\t\t<\/span>\n\t\t<\/div>\n\t\t\t\t\t\t<\/div>\n\t\t\t\t<\/div>\n\t\t\t\t\t<\/div>\n\t\t<\/div>\n\t\t\t\t\t<\/div>\n\t\t<\/section>\n\t\t\t\t<section class=\"elementor-section elementor-top-section elementor-element elementor-element-65ce830 elementor-section-boxed elementor-section-height-default elementor-section-height-default\" data-id=\"65ce830\" data-element_type=\"section\" data-e-type=\"section\">\n\t\t\t\t\t\t<div class=\"elementor-container elementor-column-gap-default\">\n\t\t\t\t\t<div class=\"elementor-column elementor-col-100 elementor-top-column elementor-element elementor-element-2156424\" data-id=\"2156424\" data-element_type=\"column\" data-e-type=\"column\">\n\t\t\t<div class=\"elementor-widget-wrap elementor-element-populated\">\n\t\t\t\t\t\t<div class=\"elementor-element elementor-element-662553b elementor-widget elementor-widget-text-editor\" data-id=\"662553b\" data-element_type=\"widget\" data-e-type=\"widget\" data-widget_type=\"text-editor.default\">\n\t\t\t\t<div class=\"elementor-widget-container\">\n\t\t\t\t\t\t\t\t\t<p>Ch\u00e8re communaut\u00e9 \u00e9ducative de La Saadia ECAM,<\/p><p>Etant nomm\u00e9 comme directeur de l\u2019\u00e9cole, au mois de septembre 2026, je mesure l&rsquo;honneur et la responsabilit\u00e9 de cette nomination, et je tiens \u00e0 exprimer ma gratitude \u00e0 la direction g\u00e9n\u00e9rale de l\u2019ECAM pour la confiance qui m\u2019a \u00e9t\u00e9 accord\u00e9e en me confiant cette mission.<\/p><p>Depuis de nombreuses ann\u00e9es, cet \u00e9tablissement a \u00e9t\u00e9 g\u00e9r\u00e9 avec d\u00e9vouement par la communaut\u00e9 des s\u0153urs, je salue l&rsquo;extraordinaire travail accompli avant mon arriv\u00e9e \u00e0 la Saadia et je remercie par la m\u00eame occasion<strong> l\u2019ex directrice de l\u2019\u00e9cole Soeur Giraldine<\/strong> pour tout ce qu\u2019elle a fait pour faciliter cette transition.<\/p><p>Mon arriv\u00e9e ne marque aucune rupture, mais bien un\u00a0<strong>changement dans la continuit\u00e9<\/strong>. La philosophie de l&rsquo;ECAM, qui place\u00a0<strong>l&rsquo;enfant au c\u0153ur de son projet<\/strong>, reste notre boussole in\u00e9branlable. Mon r\u00f4le et mon engagement est de poursuivre cette mission fondatrice, en l&rsquo;adaptant aux d\u00e9fis actuels et en l&rsquo;inscrivant dans une logique de modernit\u00e9 et d&rsquo;efficacit\u00e9.<\/p><p>Chers parents d\u2019\u00e9l\u00e8ves, \u00e9ducatrices et \u00e9ducateurs, corps administratif et de service\u00a0: Gr\u00e2ce \u00e0 Dieu, nous continuerons ensemble \u00e0 faire de cette \u00e9cole, ancr\u00e9e dans la m\u00e9moire Marrakchie, un rep\u00e8re pour offrir \u00e0 chaque \u00e9l\u00e8ve un cadre d&rsquo;excellence, de bienveillance et de valeurs, pr\u00e9parant sereinement le citoyen de demain.<\/p><p style=\"text-align: left;\">\u00a0 \u00a0 \u00a0 \u00a0 \u00a0 \u00a0 \u00a0 \u00a0 \u00a0 \u00a0 \u00a0 \u00a0 \u00a0 \u00a0 \u00a0 \u00a0 \u00a0 \u00a0 \u00a0 \u00a0 \u00a0 Je me r\u00e9jouis de cette collaboration.<\/p><p style=\"text-align: left;\"><strong>\u00a0 \u00a0 \u00a0 \u00a0 \u00a0 \u00a0 \u00a0 \u00a0 \u00a0 \u00a0 \u00a0 \u00a0 \u00a0 \u00a0 \u00a0 \u00a0 \u00a0 \u00a0 \u00a0 \u00a0 \u00a0 \u00a0 \u00a0 \u00a0 \u00a0 \u00a0 \u00a0 \u00a0 \u00a0 \u00a0 \u00a0 \u00a0 \u00a0 \u00a0 \u00a0 \u00a0 \u00a0 \u00a0 \u00a0 \u00a0 \u00a0 \u00a0 \u00a0 \u00a0 \u00a0 \u00a0 \u00a0 \u00a0 \u00a0 \u00a0 \u00a0 \u00a0 \u00a0 \u00a0 \u00a0 \u00a0 \u00a0 \u00a0 \u00a0 \u00a0 \u00a0 \u00a0 \u00a0 \u00a0 \u00a0 \u00a0 \u00a0 \u00a0 \u00a0 \u00a0 \u00a0 \u00a0 \u00a0 \u00a0 \u00a0 \u00a0 \u00a0 \u00a0 \u00a0 \u00a0 \u00a0 \u00a0 \u00a0 \u00a0 \u00a0 \u00a0 \u00a0 \u00a0 \u00a0 \u00a0 \u00a0 \u00a0 \u00a0 \u00a0 \u00a0 \u00a0 \u00a0 \u00a0 \u00a0 \u00a0 \u00a0 \u00a0 \u00a0 \u00a0 \u00a0 \u00a0 \u00a0 \u00a0 \u00a0 \u00a0 \u00a0 \u00a0BOUDAOUD Moha<\/strong><br \/>\u00a0 \u00a0 \u00a0 \u00a0 \u00a0 \u00a0 \u00a0 \u00a0 \u00a0 \u00a0 \u00a0 \u00a0 \u00a0 \u00a0 \u00a0 \u00a0 \u00a0 \u00a0 \u00a0 \u00a0 \u00a0 \u00a0 \u00a0 \u00a0 \u00a0 \u00a0 \u00a0 \u00a0 \u00a0 \u00a0 \u00a0 \u00a0 \u00a0 \u00a0 \u00a0 \u00a0 \u00a0 \u00a0 \u00a0 \u00a0 \u00a0 \u00a0 \u00a0 \u00a0 \u00a0 \u00a0 \u00a0 \u00a0 \u00a0 \u00a0 \u00a0 \u00a0 \u00a0 \u00a0 \u00a0 \u00a0 \u00a0 \u00a0 \u00a0 \u00a0 \u00a0 \u00a0 \u00a0 \u00a0 \u00a0 \u00a0 \u00a0 \u00a0 \u00a0 \u00a0 \u00a0 \u00a0 \u00a0 \u00a0 \u00a0 \u00a0 \u00a0 \u00a0 \u00a0 \u00a0 \u00a0 \u00a0 \u00a0 \u00a0 \u00a0 \u00a0 \u00a0 \u00a0 \u00a0 \u00a0 \u00a0 \u00a0 \u00a0 \u00a0 \u00a0 \u00a0 \u00a0 \u00a0 \u00a0 \u00a0 \u00a0 \u00a0 \u00a0 \u00a0 \u00a0 \u00a0 \u00a0 \u00a0 \u00a0 \u00a0 \u00a0 \u00a0 \u00a0 \u00a0 \u00a0 \u00a0 \u00a0 \u00a0 \u00a0 Directeur \u00c9cole La Saadia &#8211; ECAM<br \/>\u00a0 \u00a0 \u00a0 \u00a0 \u00a0 \u00a0 \u00a0 \u00a0 \u00a0 \u00a0 \u00a0 \u00a0 \u00a0 \u00a0 \u00a0 \u00a0 \u00a0 \u00a0 \u00a0 \u00a0 \u00a0 \u00a0 \u00a0 \u00a0 \u00a0 \u00a0 \u00a0 \u00a0 \u00a0 \u00a0 \u00a0 \u00a0 \u00a0 \u00a0 \u00a0 \u00a0 \u00a0 \u00a0 \u00a0 \u00a0 \u00a0 \u00a0 \u00a0 \u00a0 \u00a0 \u00a0 \u00a0 \u00a0 \u00a0 \u00a0 \u00a0 \u00a0 \u00a0 \u00a0 \u00a0 \u00a0 \u00a0 \u00a0 \u00a0 \u00a0 \u00a0 \u00a0 \u00a0 \u00a0 \u00a0 \u00a0 \u00a0 \u00a0 \u00a0 \u00a0 \u00a0 \u00a0 \u00a0 \u00a0 \u00a0 \u00a0 \u00a0 \u00a0 \u00a0 \u00a0 \u00a0 \u00a0 \u00a0 \u00a0 \u00a0 \u00a0 \u00a0 \u00a0 \u00a0 \u00a0 \u00a0 \u00a0 \u00a0 \u00a0 \u00a0 \u00a0 \u00a0 \u00a0 \u00a0 \u00a0 \u00a0 \u00a0 \u00a0 \u00a0 \u00a0 \u00a0 \u00a0 \u00a0 \u00a0 \u00a0 \u00a0 \u00a0 \u00a0 \u00a0 \u00a0 \u00a0 \u00a0 \u00a0 \u00a0 Septembre 2026<\/p><p>\u00a0<\/p>\t\t\t\t\t\t\t\t<\/div>\n\t\t\t\t<\/div>\n\t\t\t\t\t<\/div>\n\t\t<\/div>\n\t\t\t\t\t<\/div>\n\t\t<\/section>\n\t\t\t\t<section class=\"elementor-section elementor-top-section elementor-element elementor-element-53a0b04 elementor-section-stretched elementor-section-boxed elementor-section-height-default elementor-section-height-default\" data-id=\"53a0b04\" data-element_type=\"section\" data-e-type=\"section\" data-settings=\"{&quot;stretch_section&quot;:&quot;section-stretched&quot;,&quot;background_background&quot;:&quot;classic&quot;}\">\n\t\t\t\t\t\t<div class=\"elementor-container elementor-column-gap-default\">\n\t\t\t\t\t<div class=\"elementor-column elementor-col-100 elementor-top-column elementor-element elementor-element-89193c6\" data-id=\"89193c6\" data-element_type=\"column\" data-e-type=\"column\">\n\t\t\t<div class=\"elementor-widget-wrap elementor-element-populated\">\n\t\t\t\t\t\t<div class=\"elementor-element elementor-element-07d389b elementor-widget elementor-widget-heading\" data-id=\"07d389b\" data-element_type=\"widget\" data-e-type=\"widget\" data-widget_type=\"heading.default\">\n\t\t\t\t<div class=\"elementor-widget-container\">\n\t\t\t\t\t<h5 class=\"elementor-heading-title elementor-size-default\">Autres pages qui pourraient vous int\u00e9resser :<\/h5>\t\t\t\t<\/div>\n\t\t\t\t<\/div>\n\t\t\t\t<section class=\"elementor-section elementor-inner-section elementor-element elementor-element-16a4673 elementor-section-boxed elementor-section-height-default elementor-section-height-default\" data-id=\"16a4673\" data-element_type=\"section\" data-e-type=\"section\">\n\t\t\t\t\t\t<div class=\"elementor-container elementor-column-gap-default\">\n\t\t\t\t\t<div class=\"elementor-column elementor-col-25 elementor-inner-column elementor-element elementor-element-46cb5aa\" data-id=\"46cb5aa\" data-element_type=\"column\" data-e-type=\"column\">\n\t\t\t<div class=\"elementor-widget-wrap elementor-element-populated\">\n\t\t\t\t\t\t<div class=\"elementor-element elementor-element-9b3d799 elementor-widget elementor-widget-image\" data-id=\"9b3d799\" data-element_type=\"widget\" data-e-type=\"widget\" data-widget_type=\"image.default\">\n\t\t\t\t<div class=\"elementor-widget-container\">\n\t\t\t\t\t\t\t\t\t\t\t\t\t\t\t\t<a href=\"https:\/\/www.lasaadia.ma\/?page_id=27095\">\n\t\t\t\t\t\t\t<img fetchpriority=\"high\" decoding=\"async\" width=\"800\" height=\"800\" src=\"https:\/\/www.lasaadia.ma\/wp-content\/uploads\/2023\/01\/Nos-services-1.jpg\" class=\"attachment-large size-large wp-image-27151\" alt=\"\" srcset=\"https:\/\/www.lasaadia.ma\/wp-content\/uploads\/2023\/01\/Nos-services-1.jpg 800w, https:\/\/www.lasaadia.ma\/wp-content\/uploads\/2023\/01\/Nos-services-1-300x300.jpg 300w, https:\/\/www.lasaadia.ma\/wp-content\/uploads\/2023\/01\/Nos-services-1-150x150.jpg 150w, https:\/\/www.lasaadia.ma\/wp-content\/uploads\/2023\/01\/Nos-services-1-768x768.jpg 768w\" sizes=\"(max-width: 800px) 100vw, 800px\" \/>\t\t\t\t\t\t\t\t<\/a>\n\t\t\t\t\t\t\t\t\t\t\t\t\t\t\t<\/div>\n\t\t\t\t<\/div>\n\t\t\t\t\t<\/div>\n\t\t<\/div>\n\t\t\t\t<div class=\"elementor-column elementor-col-25 elementor-inner-column elementor-element elementor-element-6a0e8b6\" data-id=\"6a0e8b6\" data-element_type=\"column\" data-e-type=\"column\">\n\t\t\t<div class=\"elementor-widget-wrap elementor-element-populated\">\n\t\t\t\t\t\t<div class=\"elementor-element elementor-element-6ac2af3 elementor-widget elementor-widget-image\" data-id=\"6ac2af3\" data-element_type=\"widget\" data-e-type=\"widget\" data-widget_type=\"image.default\">\n\t\t\t\t<div class=\"elementor-widget-container\">\n\t\t\t\t\t\t\t\t\t\t\t\t\t\t\t\t<a href=\"https:\/\/www.lasaadia.ma\/?page_id=26807\">\n\t\t\t\t\t\t\t<img decoding=\"async\" width=\"800\" height=\"800\" src=\"https:\/\/www.lasaadia.ma\/wp-content\/uploads\/2023\/01\/Nous-rejoindre.jpg\" class=\"attachment-large size-large wp-image-27150\" alt=\"\" srcset=\"https:\/\/www.lasaadia.ma\/wp-content\/uploads\/2023\/01\/Nous-rejoindre.jpg 800w, https:\/\/www.lasaadia.ma\/wp-content\/uploads\/2023\/01\/Nous-rejoindre-300x300.jpg 300w, https:\/\/www.lasaadia.ma\/wp-content\/uploads\/2023\/01\/Nous-rejoindre-150x150.jpg 150w, https:\/\/www.lasaadia.ma\/wp-content\/uploads\/2023\/01\/Nous-rejoindre-768x768.jpg 768w\" sizes=\"(max-width: 800px) 100vw, 800px\" \/>\t\t\t\t\t\t\t\t<\/a>\n\t\t\t\t\t\t\t\t\t\t\t\t\t\t\t<\/div>\n\t\t\t\t<\/div>\n\t\t\t\t\t<\/div>\n\t\t<\/div>\n\t\t\t\t<div class=\"elementor-column elementor-col-25 elementor-inner-column elementor-element elementor-element-94df5b2\" data-id=\"94df5b2\" data-element_type=\"column\" data-e-type=\"column\">\n\t\t\t<div class=\"elementor-widget-wrap elementor-element-populated\">\n\t\t\t\t\t\t<div class=\"elementor-element elementor-element-70e8b71 elementor-widget elementor-widget-image\" data-id=\"70e8b71\" data-element_type=\"widget\" data-e-type=\"widget\" data-widget_type=\"image.default\">\n\t\t\t\t<div class=\"elementor-widget-container\">\n\t\t\t\t\t\t\t\t\t\t\t\t\t\t\t\t<a href=\"https:\/\/www.lasaadia.ma\/?page_id=26894\">\n\t\t\t\t\t\t\t<img decoding=\"async\" width=\"800\" height=\"800\" src=\"https:\/\/www.lasaadia.ma\/wp-content\/uploads\/2023\/01\/Reseau-ECAM.jpg\" class=\"attachment-large size-large wp-image-27149\" alt=\"\" srcset=\"https:\/\/www.lasaadia.ma\/wp-content\/uploads\/2023\/01\/Reseau-ECAM.jpg 800w, https:\/\/www.lasaadia.ma\/wp-content\/uploads\/2023\/01\/Reseau-ECAM-300x300.jpg 300w, https:\/\/www.lasaadia.ma\/wp-content\/uploads\/2023\/01\/Reseau-ECAM-150x150.jpg 150w, https:\/\/www.lasaadia.ma\/wp-content\/uploads\/2023\/01\/Reseau-ECAM-768x768.jpg 768w\" sizes=\"(max-width: 800px) 100vw, 800px\" \/>\t\t\t\t\t\t\t\t<\/a>\n\t\t\t\t\t\t\t\t\t\t\t\t\t\t\t<\/div>\n\t\t\t\t<\/div>\n\t\t\t\t\t<\/div>\n\t\t<\/div>\n\t\t\t\t<div class=\"elementor-column elementor-col-25 elementor-inner-column elementor-element elementor-element-5966077\" data-id=\"5966077\" data-element_type=\"column\" data-e-type=\"column\">\n\t\t\t<div class=\"elementor-widget-wrap elementor-element-populated\">\n\t\t\t\t\t\t<div class=\"elementor-element elementor-element-7df4eca elementor-widget elementor-widget-image\" data-id=\"7df4eca\" data-element_type=\"widget\" data-e-type=\"widget\" data-widget_type=\"image.default\">\n\t\t\t\t<div class=\"elementor-widget-container\">\n\t\t\t\t\t\t\t\t\t\t\t\t\t\t\t\t<a href=\"https:\/\/www.lasaadia.ma\/?page_id=27955\">\n\t\t\t\t\t\t\t<img loading=\"lazy\" decoding=\"async\" width=\"800\" height=\"800\" src=\"https:\/\/www.lasaadia.ma\/wp-content\/uploads\/2023\/01\/Nos-Equipes.jpg\" class=\"attachment-large size-large wp-image-27148\" alt=\"\" srcset=\"https:\/\/www.lasaadia.ma\/wp-content\/uploads\/2023\/01\/Nos-Equipes.jpg 800w, https:\/\/www.lasaadia.ma\/wp-content\/uploads\/2023\/01\/Nos-Equipes-300x300.jpg 300w, https:\/\/www.lasaadia.ma\/wp-content\/uploads\/2023\/01\/Nos-Equipes-150x150.jpg 150w, https:\/\/www.lasaadia.ma\/wp-content\/uploads\/2023\/01\/Nos-Equipes-768x768.jpg 768w\" sizes=\"(max-width: 800px) 100vw, 800px\" \/>\t\t\t\t\t\t\t\t<\/a>\n\t\t\t\t\t\t\t\t\t\t\t\t\t\t\t<\/div>\n\t\t\t\t<\/div>\n\t\t\t\t\t<\/div>\n\t\t<\/div>\n\t\t\t\t\t<\/div>\n\t\t<\/section>\n\t\t\t\t\t<\/div>\n\t\t<\/div>\n\t\t\t\t\t<\/div>\n\t\t<\/section>\n\t\t\t\t<\/div>\n\t\t","protected":false},"excerpt":{"rendered":"<p>MOT DU DIRECTEUR Ch\u00e8re communaut\u00e9 \u00e9ducative de La Saadia ECAM, Etant nomm\u00e9 comme directeur de l\u2019\u00e9cole, au mois de septembre 2026, je mesure l&rsquo;honneur et la responsabilit\u00e9 de cette nomination, et je tiens \u00e0 exprimer ma gratitude \u00e0 la direction g\u00e9n\u00e9rale de l\u2019ECAM pour la confiance qui m\u2019a \u00e9t\u00e9 accord\u00e9e en me confiant cette mission. &hellip;<\/p>\n<p class=\"read-more\"> <a class=\"\" href=\"https:\/\/www.lasaadia.ma\/?page_id=34848\"> <span class=\"screen-reader-text\">MOT DU DIRECTEUR<\/span> Lire la suite\u00a0\u00bb<\/a><\/p>\n","protected":false},"author":1,"featured_media":0,"parent":0,"menu_order":0,"comment_status":"closed","ping_status":"closed","template":"","meta":{"site-sidebar-layout":"no-sidebar","site-content-layout":"page-builder","ast-global-header-display":"","ast-main-header-display":"","ast-hfb-above-header-display":"","ast-hfb-below-header-display":"","ast-hfb-mobile-header-display":"","site-post-title":"disabled","ast-breadcrumbs-content":"","ast-featured-img":"disabled","footer-sml-layout":"","theme-transparent-header-meta":"","adv-header-id-meta":"","stick-header-meta":"","header-above-stick-meta":"","header-main-stick-meta":"","header-below-stick-meta":"","_joinchat":[],"footnotes":""},"class_list":["post-34848","page","type-page","status-publish","hentry"],"_links":{"self":[{"href":"https:\/\/www.lasaadia.ma\/index.php?rest_route=\/wp\/v2\/pages\/34848","targetHints":{"allow":["GET"]}}],"collection":[{"href":"https:\/\/www.lasaadia.ma\/index.php?rest_route=\/wp\/v2\/pages"}],"about":[{"href":"https:\/\/www.lasaadia.ma\/index.php?rest_route=\/wp\/v2\/types\/page"}],"author":[{"embeddable":true,"href":"https:\/\/www.lasaadia.ma\/index.php?rest_route=\/wp\/v2\/users\/1"}],"replies":[{"embeddable":true,"href":"https:\/\/www.lasaadia.ma\/index.php?rest_route=%2Fwp%2Fv2%2Fcomments&post=34848"}],"version-history":[{"count":4,"href":"https:\/\/www.lasaadia.ma\/index.php?rest_route=\/wp\/v2\/pages\/34848\/revisions"}],"predecessor-version":[{"id":34852,"href":"https:\/\/www.lasaadia.ma\/index.php?rest_route=\/wp\/v2\/pages\/34848\/revisions\/34852"}],"wp:attachment":[{"href":"https:\/\/www.lasaadia.ma\/index.php?rest_route=%2Fwp%2Fv2%2Fmedia&parent=34848"}],"curies":[{"name":"wp","href":"https:\/\/api.w.org\/{rel}","templated":true}]}}